{"id":75,"date":"2016-06-14T06:36:54","date_gmt":"2016-06-14T06:36:54","guid":{"rendered":"http:\/\/sw-themes.com\/porto_dummy\/?page_id=75"},"modified":"2020-05-04T19:49:50","modified_gmt":"2020-05-04T17:49:50","slug":"kontakt","status":"publish","type":"page","link":"https:\/\/mkl-druck.de\/?page_id=75","title":{"rendered":"Kontakt"},"content":{"rendered":"<p>[vc_row full_width=&#8220;stretch_row_content_no_spaces&#8220;][vc_column]<div id='wrap_map_69f0dbb5cfe3d' class='porto-map-wrapper porto-adjust-bottom-margin ' style='height:400px;'><div id='map_69f0dbb5cfe3d' data-map_override='0' class='porto_google_map wpb_content_element ' style='width:100%;height:400px;'><\/div><\/div><script>\n(function($) {\n\t'use strict';\n\tjQuery(document).ready(function($) {\n\t\tif (typeof google == 'undefined') {\n\t\t\treturn;\n\t\t}\n\t\tvar map_map_69f0dbb5cfe3d = null;\n\t\tvar coordinate_map_69f0dbb5cfe3d;\n\t\ttry {\n\t\t\tcoordinate_map_69f0dbb5cfe3d=new google.maps.LatLng(52.05149, 7.84456);\n\t\t\tvar isDraggable = $(document).width() > 640 ? true : true;\n\t\t\tvar mapOptions = {\n\t\t\t\tzoom: 16,\n\t\t\t\tcenter: coordinate_map_69f0dbb5cfe3d,\n\t\t\t\tscaleControl: true,\n\t\t\t\tstreetViewControl: true,\n\t\t\t\tmapTypeControl: true,\n\t\t\t\tpanControl: true,\n\t\t\t\tzoomControl: true,\n\t\t\t\tscrollwheel: false,\n\t\t\t\tdraggable: isDraggable,\n\t\t\t\tzoomControlOptions: {\n\t\t\t\t\tposition: google.maps.ControlPosition.RIGHT_BOTTOM\n\t\t\t\t}, mapTypeControlOptions: {\n\t\t\t\t\t\tmapTypeIds: [google.maps.MapTypeId.ROADMAP, 'map_style']\n\t\t\t\t\t}};var styles = [\n    {\n        \"stylers\": [\n            {\n                \"hue\": \"#0088cc\"\n            }\n        ]\n    },\n    {\n        \"featureType\": \"road\",\n        \"elementType\": \"geometry\",\n        \"stylers\": [\n            {\n                \"lightness\": 0\n            },\n            {\n                \"visibility\": \"simplified\"\n            }\n        ]\n    },\n    {\n        \"featureType\": \"road\",\n        \"elementType\": \"labels\",\n        \"stylers\": [\n            {\n                \"visibility\": \"off\"\n            }\n        ]\n    }\n];\n\t\t\t\t\tvar styledMap = new google.maps.StyledMapType(styles,\n\t\t\t\t\t\t{name: \"Styled Map\"});var map_map_69f0dbb5cfe3d = new google.maps.Map(document.getElementById('map_69f0dbb5cfe3d'),mapOptions);map_map_69f0dbb5cfe3d.mapTypes.set('map_style', styledMap);\n\t\t\t\t\t\t map_map_69f0dbb5cfe3d.setMapTypeId('map_style');\n\t\t\t\t\tvar x = 'off';\n\t\t\t\t\tvar marker_map_69f0dbb5cfe3d = new google.maps.Marker({\n\t\t\t\t\tposition: new google.maps.LatLng(52.05149, 7.84456),\n\t\t\t\t\tanimation:  google.maps.Animation.DROP,\n\t\t\t\t\tmap: map_map_69f0dbb5cfe3d,\n\t\t\t\t\ticon: 'https:\/\/mkl-druck.de\/wp-content\/uploads\/2016\/06\/pin-1.png'\n\t\t\t\t});\n\t\t\t\tgoogle.maps.event.addListener(marker_map_69f0dbb5cfe3d, 'click', toggleBounce);var infowindow = new google.maps.InfoWindow();\n\t\t\t\t\t\tinfowindow.setContent('<div class=\"map_info_text\" style=\\'color:#000;\\'><strong>MKL Druck GmbH &amp; Co. KG<\/strong><br \/> Graf-Zeppelin-Ring 52<br \/> 48346 Ostbevern<br \/><\/div>');infowindow.open(map_map_69f0dbb5cfe3d,marker_map_69f0dbb5cfe3d);google.maps.event.addListener(marker_map_69f0dbb5cfe3d, 'click', function() {\n\t\t\t\t\t\t\tinfowindow.open(map_map_69f0dbb5cfe3d,marker_map_69f0dbb5cfe3d);\n\t\t\t\t\t\t});}\n\t\tcatch(e){};\n\t\tgoogle.maps.event.trigger(map_map_69f0dbb5cfe3d, 'resize');\n\t\t$(window).on('resize', function(){\n\t\t\tgoogle.maps.event.trigger(map_map_69f0dbb5cfe3d, 'resize');\n\t\t\tif(map_map_69f0dbb5cfe3d!=null) {\n\t\t\t\tmap_map_69f0dbb5cfe3d.setCenter(coordinate_map_69f0dbb5cfe3d);\n\t\t\t}\n\t\t});\n\t\t$('.ui-tabs').on('tabsactivate', function(event, ui) {\n\t\t   if($(this).find('.porto-map-wrapper').length > 0)\n\t\t\t{\n\t\t\t\tsetTimeout(function(){\n\t\t\t\t\t$(window).trigger('resize');\n\t\t\t\t},200);\n\t\t\t}\n\t\t});\n\t\t$('.ui-accordion').on('accordionactivate', function(event, ui) {\n\t\t\tif($(this).find('.porto-map-wrapper').length > 0) {\n\t\t\t\tsetTimeout(function(){\n\t\t\t\t\t$(window).trigger('resize');\n\t\t\t\t},200);\n\t\t\t}\n\t\t});\n\t\t$(document).on('onPortoModalPopupOpen', function(){\n\t\t\tif($(map_map_69f0dbb5cfe3d).parents('.porto_modal-content')) {\n\t\t\t\tsetTimeout(function(){\n\t\t\t\t\t$(window).trigger('resize');\n\t\t\t\t},200);\n\t\t\t}\n\t\t});\n\t\tfunction toggleBounce() {\n\t\t\tif (marker_map_69f0dbb5cfe3d.getAnimation() != null) {\n\t\t\t\tmarker_map_69f0dbb5cfe3d.setAnimation(null);\n\t\t\t} else {\n\t\t\t\tmarker_map_69f0dbb5cfe3d.setAnimation(google.maps.Animation.BOUNCE);\n\t\t\t}\n\t\t}\n\t});\n\n\t$(window).on('load', function() {\n\t\tsetTimeout(function() {\n\t\t\t$(window).trigger('resize');\n\t\t},200);\n\t});\n})(jQuery);\n<\/script>[\/vc_column][\/vc_row][vc_row wrap_container=&#8220;yes&#8220; el_class=&#8220;m-b-xl&#8220;][vc_column width=&#8220;1\/2&#8243;]\n<div class=\"wpcf7 no-js\" id=\"wpcf7-f76-o1\" lang=\"en-US\" dir=\"ltr\" data-wpcf7-id=\"76\">\n<div class=\"screen-reader-response\"><p role=\"status\" aria-live=\"polite\" aria-atomic=\"true\"><\/p> <ul><\/ul><\/div>\n<form action=\"\/index.php?rest_route=%2Fwp%2Fv2%2Fpages%2F75#wpcf7-f76-o1\" method=\"post\" class=\"wpcf7-form init\" aria-label=\"Contact form\" enctype=\"multipart\/form-data\" novalidate=\"novalidate\" data-status=\"init\">\n<fieldset class=\"hidden-fields-container\"><input type=\"hidden\" name=\"_wpcf7\" value=\"76\" \/><input type=\"hidden\" name=\"_wpcf7_version\" value=\"6.1.5\" \/><input type=\"hidden\" name=\"_wpcf7_locale\" value=\"en_US\" \/><input type=\"hidden\" name=\"_wpcf7_unit_tag\" value=\"wpcf7-f76-o1\" \/><input type=\"hidden\" name=\"_wpcf7_container_post\" value=\"0\" \/><input type=\"hidden\" name=\"_wpcf7_posted_data_hash\" value=\"\" \/>\n<\/fieldset>\n<h2 class=\"short\"><strong>Kontaktieren Sie <\/strong>uns\n<\/h2>\n<div class=\"row\">\n\t<div class=\"col-lg-6\">\n\t\t<div class=\"form-group\">\n\t\t\t<p><label for=\"contact-name\">Ihr Name *<\/label><br \/>\n<span class=\"wpcf7-form-control-wrap\" data-name=\"your-name\"><input size=\"40\" maxlength=\"400\" class=\"wpcf7-form-control wpcf7-text wpcf7-validates-as-required form-control\" id=\"contact-name\" aria-required=\"true\" aria-invalid=\"false\" value=\"\" type=\"text\" name=\"your-name\" \/><\/span>\n\t\t\t<\/p>\n\t\t<\/div>\n\t<\/div>\n\t<div class=\"col-lg-6\">\n\t\t<div class=\"form-group\">\n\t\t\t<p><label for=\"contact-email\">Ihre E-Mail *<\/label><br \/>\n<span class=\"wpcf7-form-control-wrap\" data-name=\"your-email\"><input size=\"40\" maxlength=\"400\" class=\"wpcf7-form-control wpcf7-email wpcf7-validates-as-required wpcf7-text wpcf7-validates-as-email form-control\" id=\"contact-email\" aria-required=\"true\" aria-invalid=\"false\" value=\"\" type=\"email\" name=\"your-email\" \/><\/span>\n\t\t\t<\/p>\n\t\t<\/div>\n\t<\/div>\n\t<div class=\"col-lg-12\">\n\t\t<div class=\"form-group\">\n\t\t\t<p><label for=\"contact-subject\">Betreff<\/label><br \/>\n<span class=\"wpcf7-form-control-wrap\" data-name=\"your-subject\"><select class=\"wpcf7-form-control wpcf7-select form-control\" id=\"contact-subject\" aria-invalid=\"false\" name=\"your-subject\"><option value=\"\"><\/option><option value=\"Option 1\">Option 1<\/option><option value=\"Option 2\">Option 2<\/option><option value=\"Option 3\">Option 3<\/option><option value=\"Option 4\">Option 4<\/option><option value=\"Option 5\">Option 5<\/option><\/select><\/span>\n\t\t\t<\/p>\n\t\t<\/div>\n\t<\/div>\n\t<div class=\"col-lg-6\">\n\t\t<div class=\"form-group\">\n\t\t\t<p><label>Checkboxes<\/label><br \/>\n<span class=\"wpcf7-form-control-wrap\" data-name=\"your-checkboxes\"><span class=\"wpcf7-form-control wpcf7-checkbox\" id=\"contact-checkboxes\"><span class=\"wpcf7-list-item first\"><input type=\"checkbox\" name=\"your-checkboxes[]\" value=\"1\" \/><span class=\"wpcf7-list-item-label\">1<\/span><\/span><span class=\"wpcf7-list-item\"><input type=\"checkbox\" name=\"your-checkboxes[]\" value=\"2\" \/><span class=\"wpcf7-list-item-label\">2<\/span><\/span><span class=\"wpcf7-list-item\"><input type=\"checkbox\" name=\"your-checkboxes[]\" value=\"3\" \/><span class=\"wpcf7-list-item-label\">3<\/span><\/span><span class=\"wpcf7-list-item\"><input type=\"checkbox\" name=\"your-checkboxes[]\" value=\"4\" \/><span class=\"wpcf7-list-item-label\">4<\/span><\/span><span class=\"wpcf7-list-item last\"><input type=\"checkbox\" name=\"your-checkboxes[]\" value=\"5\" \/><span class=\"wpcf7-list-item-label\">5<\/span><\/span><\/span><\/span>\n\t\t\t<\/p>\n\t\t<\/div>\n\t<\/div>\n\t<div class=\"col-lg-6\">\n\t\t<div class=\"form-group\">\n\t\t\t<p><label>Radios<\/label><br \/>\n<span class=\"wpcf7-form-control-wrap\" data-name=\"your-radios\"><span class=\"wpcf7-form-control wpcf7-radio\" id=\"contact-radios\"><span class=\"wpcf7-list-item first\"><input type=\"radio\" name=\"your-radios\" value=\"1\" \/><span class=\"wpcf7-list-item-label\">1<\/span><\/span><span class=\"wpcf7-list-item\"><input type=\"radio\" name=\"your-radios\" value=\"2\" \/><span class=\"wpcf7-list-item-label\">2<\/span><\/span><span class=\"wpcf7-list-item\"><input type=\"radio\" name=\"your-radios\" value=\"3\" \/><span class=\"wpcf7-list-item-label\">3<\/span><\/span><span class=\"wpcf7-list-item\"><input type=\"radio\" name=\"your-radios\" value=\"4\" \/><span class=\"wpcf7-list-item-label\">4<\/span><\/span><span class=\"wpcf7-list-item last\"><input type=\"radio\" name=\"your-radios\" value=\"5\" \/><span class=\"wpcf7-list-item-label\">5<\/span><\/span><\/span><\/span>\n\t\t\t<\/p>\n\t\t<\/div>\n\t<\/div>\n\t<div class=\"col-lg-12\">\n\t\t<div class=\"form-group\">\n\t\t\t<p><label for=\"contact-attachment\">Datei hochladen<\/label><br \/>\n<span class=\"wpcf7-form-control-wrap\" data-name=\"your-attachment\"><input size=\"40\" class=\"wpcf7-form-control wpcf7-file\" id=\"contact-attachment\" accept=\"audio\/*,video\/*,image\/*\" aria-invalid=\"false\" type=\"file\" name=\"your-attachment\" \/><\/span>\n\t\t\t<\/p>\n\t\t<\/div>\n\t<\/div>\n\t<div class=\"col-lg-12\">\n\t\t<div class=\"form-group\">\n\t\t\t<p><label for=\"contact-message\">Nachricht *<\/label><br \/>\n<span class=\"wpcf7-form-control-wrap\" data-name=\"your-message\"><textarea cols=\"40\" rows=\"10\" maxlength=\"2000\" class=\"wpcf7-form-control wpcf7-textarea wpcf7-validates-as-required form-control\" id=\"contact-message\" aria-required=\"true\" aria-invalid=\"false\" name=\"your-message\"><\/textarea><\/span>\n\t\t\t<\/p>\n\t\t<\/div>\n\t<\/div>\n\t<div class=\"col-lg-12\">\n\t\t<p><label for=\"contact-captcha\">Verification *<\/label>\n\t\t<\/p>\n\t<\/div>\n\t<div class=\"col-lg-8\">\n\t\t<div class=\"form-group\">\n\t\t\t<p><span class=\"wpcf7-form-control-wrap\" data-name=\"your-captcha\"><input size=\"40\" class=\"wpcf7-form-control wpcf7-captchar form-control\" id=\"contact-captcha\" autocomplete=\"off\" aria-invalid=\"false\" value=\"\" type=\"text\" name=\"your-captcha\" \/><\/span>\n\t\t\t<\/p>\n\t\t<\/div>\n\t<\/div>\n\t<div class=\"col-lg-4\">\n\t\t<div class=\"form-group\">\n\t\t\t<p><strong>Warning:<\/strong> The <a href=\"https:\/\/wordpress.org\/plugins\/really-simple-captcha\/\">Really Simple CAPTCHA<\/a> plugin is not active.\n\t\t\t<\/p>\n\t\t<\/div>\n\t<\/div>\n<hr \/>\n\t<div class=\"col-lg-12\">\n\t\t<div class=\"form-group\">\n\t\t\t<p><input class=\"wpcf7-form-control wpcf7-submit has-spinner btn btn-primary btn-lg\" type=\"submit\" value=\"Nachricht senden\" \/>\n\t\t\t<\/p>\n\t\t<\/div>\n\t<\/div>\n<\/div><div class=\"wpcf7-response-output\" aria-hidden=\"true\"><\/div>\n<\/form>\n<\/div>\n[\/vc_column][vc_column width=&#8220;1\/2&#8243;][vc_custom_heading text=&#8220;Kommen<strong> Sie<\/strong> mit uns in Kontakt&#8220; font_container=&#8220;tag:h4|text_align:left&#8220; use_theme_fonts=&#8220;yes&#8220; skin=&#8220;primary&#8220; el_class=&#8220;m-t&#8220;][vc_column_text]Als kleines, inhabergef\u00fchrtes Unternehmen k\u00f6nnen wir flexibel und individuell auf Ihre Spezialw\u00fcnsche eingehen. Gute Beratung, Qualit\u00e4t und P\u00fcnktlichkeit in der Ausf\u00fchrung ist unser Prinzip, mit dem wir schon seit vielen Jahren Erfolge und zufriedene Kunden vorweisen k\u00f6nnen.[\/vc_column_text][vc_separator color=&#8220;custom&#8220; gradient=&#8220;yes&#8220;][vc_custom_heading text=&#8220;Das <strong>B\u00fcro<\/strong>&#8220; font_container=&#8220;tag:h4|text_align:left&#8220; use_theme_fonts=&#8220;yes&#8220; skin=&#8220;primary&#8220;]<div class=\"porto-sicon-box  wpb_custom_1efe903570d178ff0a9b7bfa5febd3a4 style_1 default-icon\"><div class=\"porto-sicon-default\"><div class=\"porto-just-icon-wrapper porto-icon circle\" style=\"color:#ffffff;background:#0088cc;font-size:14px;\"><i class=\"fas fa-map-marker-alt\"><\/i><\/div><\/div><div class=\"porto-sicon-header\"><h3 class=\"porto-sicon-title\" style=\"font-size:14px;color:#777777;\"><strong>Adresse:<\/strong> Graf-Zeppelin-Ring 52, 48346 Ostbevern<\/h3><\/div> <!-- header --><\/div><!-- porto-sicon-box --><div class=\"porto-sicon-box  wpb_custom_1efe903570d178ff0a9b7bfa5febd3a4 style_1 default-icon\"><div class=\"porto-sicon-header\"><h3 class=\"porto-sicon-title\" style=\"font-size:14px;color:#777777;\"><strong>Telefon:<\/strong> 02532 - 964 380<\/h3><\/div> <!-- header --><\/div><!-- porto-sicon-box --><div class=\"porto-sicon-box  wpb_custom_1efe903570d178ff0a9b7bfa5febd3a4 style_1 default-icon\"><div class=\"porto-sicon-header\"><h3 class=\"porto-sicon-title\" style=\"font-size:14px;color:#777777;\"><strong>Email:<\/strong> info@mkl-druck.de<\/h3><\/div> <!-- header --><\/div><!-- porto-sicon-box -->[vc_row_inner][vc_column_inner width=&#8220;1\/3&#8243;][vc_single_image source=&#8220;external_link&#8220; external_img_size=&#8220;full&#8220; alignment=&#8220;center&#8220; external_style=&#8220;vc_box_outline&#8220; onclick=&#8220;img_link_large&#8220; lightbox=&#8220;yes&#8220; image_gallery=&#8220;yes&#8220; zoom_icon=&#8220;yes&#8220; custom_src=&#8220;\/\/sw-themes.com\/porto_dummy\/wp-content\/uploads\/images\/our-office-1.jpg&#8220;][\/vc_column_inner][vc_column_inner width=&#8220;1\/3&#8243;][vc_single_image source=&#8220;external_link&#8220; alignment=&#8220;center&#8220; external_style=&#8220;vc_box_outline&#8220; onclick=&#8220;img_link_large&#8220; lightbox=&#8220;yes&#8220; image_gallery=&#8220;yes&#8220; zoom_icon=&#8220;yes&#8220; custom_src=&#8220;\/\/sw-themes.com\/porto_dummy\/wp-content\/uploads\/images\/our-office-2.jpg&#8220;][\/vc_column_inner][vc_column_inner width=&#8220;1\/3&#8243;][vc_single_image source=&#8220;external_link&#8220; alignment=&#8220;center&#8220; external_style=&#8220;vc_box_outline&#8220; onclick=&#8220;img_link_large&#8220; lightbox=&#8220;yes&#8220; image_gallery=&#8220;yes&#8220; zoom_icon=&#8220;yes&#8220; custom_src=&#8220;\/\/sw-themes.com\/porto_dummy\/wp-content\/uploads\/images\/our-office-3.jpg&#8220;][\/vc_column_inner][\/vc_row_inner][vc_separator color=&#8220;custom&#8220; gradient=&#8220;yes&#8220;][vc_custom_heading text=&#8220;B\u00fcro<strong>zeiten<\/strong>&#8220; font_container=&#8220;tag:h4|text_align:left&#8220; use_theme_fonts=&#8220;yes&#8220; skin=&#8220;primary&#8220;]<div class=\"porto-sicon-box  wpb_custom_1efe903570d178ff0a9b7bfa5febd3a4 style_1 default-icon\"><div class=\"porto-sicon-default\"><div class=\"porto-just-icon-wrapper porto-icon none\" style=\"font-size:14px;\"><i class=\"far fa-clock\"><\/i><\/div><\/div><div class=\"porto-sicon-header\"><h3 class=\"porto-sicon-title\" style=\"font-size:14px;color:#777777;\">Montag - Freitag 9:00 - 16:00 Uhr<\/h3><\/div> <!-- header --><\/div><!-- porto-sicon-box --><div class=\"porto-sicon-box  wpb_custom_1efe903570d178ff0a9b7bfa5febd3a4 style_1 default-icon\"><div class=\"porto-sicon-default\"><div class=\"porto-just-icon-wrapper porto-icon none\" style=\"font-size:14px;\"><i class=\"far fa-clock\"><\/i><\/div><\/div><div class=\"porto-sicon-header\"><h3 class=\"porto-sicon-title\" style=\"font-size:14px;color:#777777;\">Samstag - geschlossen<\/h3><\/div> <!-- header --><\/div><!-- porto-sicon-box --><div class=\"porto-sicon-box  wpb_custom_1efe903570d178ff0a9b7bfa5febd3a4 style_1 default-icon\"><div class=\"porto-sicon-default\"><div class=\"porto-just-icon-wrapper porto-icon none\" style=\"font-size:14px;\"><i class=\"far fa-clock\"><\/i><\/div><\/div><div class=\"porto-sicon-header\"><h3 class=\"porto-sicon-title\" style=\"font-size:14px;color:#777777;\">Sonn- &amp; Feiertag - geschlossen<\/h3><\/div> <!-- header --><\/div><!-- porto-sicon-box -->[\/vc_column][\/vc_row]<\/p>\n","protected":false},"excerpt":{"rendered":"<p>[vc_row full_width=&#8220;stretch_row_content_no_spaces&#8220;][vc_column][\/vc_column][\/vc_row][vc_row wrap_container=&#8220;yes&#8220; el_class=&#8220;m-b-xl&#8220;][vc_column width=&#8220;1\/2&#8243;][\/vc_column][vc_column width=&#8220;1\/2&#8243;][vc_custom_heading text=&#8220;Kommen Sie mit uns in Kontakt&#8220; font_container=&#8220;tag:h4|text_align:left&#8220; use_theme_fonts=&#8220;yes&#8220; skin=&#8220;primary&#8220; el_class=&#8220;m-t&#8220;][vc_column_text]Als kleines, inhabergef\u00fchrtes Unternehmen k\u00f6nnen wir flexibel und individuell auf Ihre Spezialw\u00fcnsche eingehen. Gute Beratung, Qualit\u00e4t und P\u00fcnktlichkeit in der Ausf\u00fchrung ist unser Prinzip, mit dem wir schon seit vielen Jahren Erfolge und zufriedene Kunden vorweisen k\u00f6nnen.[\/vc_column_text][vc_separator color=&#8220;custom&#8220; gradient=&#8220;yes&#8220;][vc_custom_heading text=&#8220;Das [&hellip;]<\/p>\n","protected":false},"author":1,"featured_media":0,"parent":0,"menu_order":0,"comment_status":"closed","ping_status":"closed","template":"","meta":{"footnotes":""},"class_list":["post-75","page","type-page","status-publish","hentry"],"_links":{"self":[{"href":"https:\/\/mkl-druck.de\/index.php?rest_route=\/wp\/v2\/pages\/75","targetHints":{"allow":["GET"]}}],"collection":[{"href":"https:\/\/mkl-druck.de\/index.php?rest_route=\/wp\/v2\/pages"}],"about":[{"href":"https:\/\/mkl-druck.de\/index.php?rest_route=\/wp\/v2\/types\/page"}],"author":[{"embeddable":true,"href":"https:\/\/mkl-druck.de\/index.php?rest_route=\/wp\/v2\/users\/1"}],"replies":[{"embeddable":true,"href":"https:\/\/mkl-druck.de\/index.php?rest_route=%2Fwp%2Fv2%2Fcomments&post=75"}],"version-history":[{"count":5,"href":"https:\/\/mkl-druck.de\/index.php?rest_route=\/wp\/v2\/pages\/75\/revisions"}],"predecessor-version":[{"id":3342,"href":"https:\/\/mkl-druck.de\/index.php?rest_route=\/wp\/v2\/pages\/75\/revisions\/3342"}],"wp:attachment":[{"href":"https:\/\/mkl-druck.de\/index.php?rest_route=%2Fwp%2Fv2%2Fmedia&parent=75"}],"curies":[{"name":"wp","href":"https:\/\/api.w.org\/{rel}","templated":true}]}}