{"id":775,"date":"2018-03-03T22:23:14","date_gmt":"2018-03-03T21:23:14","guid":{"rendered":"http:\/\/magnet-flyer.de\/?page_id=775"},"modified":"2018-03-03T22:23:57","modified_gmt":"2018-03-03T21:23:57","slug":"agb","status":"publish","type":"page","link":"https:\/\/mkl-druck.de\/?page_id=775","title":{"rendered":"AGB"},"content":{"rendered":"<p>Allgemeine Gesch\u00e4ftsbedingung<br \/>\nAGB von Magnet Flyer\u00a0<strong>f\u00fcr den Onlineshop<\/strong><br \/>\n(Stand: 07\/2017)<\/p>\n<p>1. Geltungsbereich<br \/>\nF\u00fcr die Gesch\u00e4ftsbeziehungen zwischen MKL Druck GmbH &amp; Co. KG, Graf-Zeppelin-Ring 52, 48346 Ostbevern und dem Kunden gelten ausschlie\u00dflich diese allgemeinen Gesch\u00e4ftsbedingungen. Entgegenstehende oder von diesen AGB abweichende Bedingungen erkennt saveon | design nicht an und widerspricht ihnen hiermit ausdr\u00fccklich.<\/p>\n<p>2. Vertragsschluss<br \/>\nDie Darstellung der Produkte im Online-Shop stellt kein rechtlich bindendes Angebot, sondern einen unverbindlichen Online-Katalog dar. Nach Eingabe Ihrer pers\u00f6nlichen Daten und durch Anklicken des Buttons \u201aBESTELLEN\u2018 im abschlie\u00dfenden Schritt des Bestellprozesses geben Sie eine verbindliche Bestellung der im Warenkorb enthaltenen Waren ab. Die Best\u00e4tigung des Eingangs der Bestellung folgt unmittelbar nach dem Absenden der Bestellung. Der Kaufvertrag kommt mit unserer Auftragsbest\u00e4tigung oder Lieferung der Waren zustande.<\/p>\n<p>3. Teillieferungen<br \/>\nWir sind zu Teillieferungen berechtigt, soweit dies f\u00fcr Sie zumutbar ist. Zus\u00e4tzliche Versandkosten entstehen nur bei ausdr\u00fccklicher Vereinbarung.<\/p>\n<p>4. Eigentumsvorbehalt<br \/>\nDie gelieferte Ware bleibt bis zur vollst\u00e4ndigen Bezahlung unser Eigentum.<\/p>\n<p>5. Vereinbarung zu R\u00fccksendekosten, Ausschluss des Widerrufsrechts, Widerrufsrecht bis zu 14 Tagen Vereinbarung \u00fcber die Kostentragung: Machen Sie von Ihrem Widerrufsrecht Gebrauch, haben Sie die regelm\u00e4\u00dfigen Kosten der R\u00fccksendung zu tragen, wenn die gelieferte Ware der bestellten entspricht und wenn der Preis der zur\u00fcckzusendenden Sache einen Betrag von 10 Euro nicht \u00fcbersteigt oder wenn Sie bei einem h\u00f6heren Preis der Sache zum Zeitpunkt des Widerrufs noch nicht die Gegenleistung oder eine vertraglich vereinbarte Teilzahlung erbracht haben. Anderenfalls ist die R\u00fccksendung f\u00fcr Sie kostenfrei.<\/p>\n<p>6. R\u00fcckgaberecht<br \/>\nDie anfallenden Kosten von EUR 6,95 (inkl. \u201eMindestbestellwert\u201c von 50,00 \u20ac) werden einfach mit Ihrem Erstattungsbetrag verrechnet. Bitte haben Sie Verst\u00e4ndnis daf\u00fcr, dass wir die Ware nur im Originalzustand und originalverpackt zur\u00fccknehmen k\u00f6nnen. Eine R\u00fcckgabe ist daher ausgeschlossen bei Ware, die Gebrauchsspuren aufweist, welche erkennbar aus einer \u00fcber eine reine Erprobung der Ware hinausgehenden Nutzung herr\u00fchren und die Ware nicht mehr als neuwertig erscheinen lassen.<\/p>\n<p>Der Rechtsweg ist ausgeschlossen.<\/p>\n<p>[gzd_complaints]<\/p>\n","protected":false},"excerpt":{"rendered":"<p>Allgemeine Gesch\u00e4ftsbedingung AGB von Magnet Flyer\u00a0f\u00fcr den Onlineshop (Stand: 07\/2017) 1. Geltungsbereich F\u00fcr die Gesch\u00e4ftsbeziehungen zwischen MKL Druck GmbH &amp; Co. KG, Graf-Zeppelin-Ring 52, 48346 Ostbevern und dem Kunden gelten ausschlie\u00dflich diese allgemeinen Gesch\u00e4ftsbedingungen. Entgegenstehende oder von diesen AGB abweichende Bedingungen erkennt saveon | design nicht an und widerspricht ihnen hiermit ausdr\u00fccklich. 2. Vertragsschluss Die [&hellip;]<\/p>\n","protected":false},"author":1,"featured_media":0,"parent":0,"menu_order":0,"comment_status":"closed","ping_status":"closed","template":"","meta":{"footnotes":""},"class_list":["post-775","page","type-page","status-publish","hentry"],"_links":{"self":[{"href":"https:\/\/mkl-druck.de\/index.php?rest_route=\/wp\/v2\/pages\/775","targetHints":{"allow":["GET"]}}],"collection":[{"href":"https:\/\/mkl-druck.de\/index.php?rest_route=\/wp\/v2\/pages"}],"about":[{"href":"https:\/\/mkl-druck.de\/index.php?rest_route=\/wp\/v2\/types\/page"}],"author":[{"embeddable":true,"href":"https:\/\/mkl-druck.de\/index.php?rest_route=\/wp\/v2\/users\/1"}],"replies":[{"embeddable":true,"href":"https:\/\/mkl-druck.de\/index.php?rest_route=%2Fwp%2Fv2%2Fcomments&post=775"}],"version-history":[{"count":2,"href":"https:\/\/mkl-druck.de\/index.php?rest_route=\/wp\/v2\/pages\/775\/revisions"}],"predecessor-version":[{"id":777,"href":"https:\/\/mkl-druck.de\/index.php?rest_route=\/wp\/v2\/pages\/775\/revisions\/777"}],"wp:attachment":[{"href":"https:\/\/mkl-druck.de\/index.php?rest_route=%2Fwp%2Fv2%2Fmedia&parent=775"}],"curies":[{"name":"wp","href":"https:\/\/api.w.org\/{rel}","templated":true}]}}